{"id":2,"date":"2024-08-15T12:13:34","date_gmt":"2024-08-15T09:13:34","guid":{"rendered":"https:\/\/kirklarelitaksi.com\/?page_id=2"},"modified":"2024-10-04T12:20:00","modified_gmt":"2024-10-04T09:20:00","slug":"kirklareli-taksi-7-24-taksi-hizmeti-0545-928-21-28","status":"publish","type":"page","link":"https:\/\/kirklarelitaksi.com\/","title":{"rendered":"Ana Sayfa"},"content":{"rendered":"<div class=\"wpb-content-wrapper\"><p>[vc_section][vc_row gap=&#8221;35&#8243;][vc_column][vc_single_image image=&#8221;7&#8243; alignment=&#8221;right&#8221;][\/vc_column][\/vc_row][\/vc_section][vc_section][vc_row][vc_column offset=&#8221;vc_hidden-sm vc_hidden-xs&#8221;][vc_custom_heading text=&#8221;K\u0131rklareli Taksi&#8221; font_container=&#8221;tag:h1|font_size:80|text_align:center|color:%23ffffff&#8221; google_fonts=&#8221;font_family:Libre%20Baskerville%3Aregular%2Citalic%2C700|font_style:700%20bold%20regular%3A700%3Anormal&#8221;][\/vc_column][\/vc_row][vc_row][vc_column offset=&#8221;vc_hidden-lg vc_hidden-md&#8221;][vc_custom_heading text=&#8221;K\u0131rklareli Taksi&#8221; font_container=&#8221;tag:h1|text_align:center|color:%23ffffff&#8221; google_fonts=&#8221;font_family:Libre%20Baskerville%3Aregular%2Citalic%2C700|font_style:700%20bold%20regular%3A700%3Anormal&#8221;][\/vc_column][\/vc_row][\/vc_section][vc_section][vc_row][vc_column offset=&#8221;vc_hidden-sm vc_hidden-xs&#8221;][vc_empty_space height=&#8221;5&#8243;][vc_custom_heading text=&#8221;7\/24 Taksi Hizmeti&#8221; font_container=&#8221;tag:h1|font_size:62|text_align:center|color:%23ffffff&#8221; use_theme_fonts=&#8221;yes&#8221;][\/vc_column][\/vc_row][vc_row][vc_column offset=&#8221;vc_hidden-lg vc_hidden-md&#8221;][vc_empty_space height=&#8221;5&#8243;][vc_custom_heading text=&#8221;7\/24 Taksi Hizmeti&#8221; font_container=&#8221;tag:h1|text_align:center|color:%23ffffff&#8221; use_theme_fonts=&#8221;yes&#8221;][\/vc_column][\/vc_row][\/vc_section][vc_section][vc_row][vc_column][vc_empty_space height=&#8221;5&#8243;][vc_btn title=&#8221;K\u0131rklareli Taksi &#8211; (0545) 928 21 28&#8243; shape=&#8221;round&#8221; color=&#8221;primary&#8221; size=&#8221;lg&#8221; align=&#8221;center&#8221; i_icon_fontawesome=&#8221;fas fa-phone-alt&#8221; add_icon=&#8221;true&#8221; link=&#8221;url:tel%3A05459282128|title:K%C4%B1rklareli%20Taksi%20%C3%87a%C4%9F%C4%B1r%20-%20(0545)%20928%2021%2028&#8243;][\/vc_column][\/vc_row][\/vc_section][vc_section][vc_row][vc_column][vc_single_image image=&#8221;28&#8243; img_size=&#8221;large&#8221; alignment=&#8221;center&#8221;][\/vc_column][\/vc_row][\/vc_section][vc_section full_width=&#8221;stretch_row_content&#8221; css=&#8221;.vc_custom_1723725131389{background-color: #e0e0e0 !important;}&#8221;][vc_row][vc_column width=&#8221;1\/3&#8243;]<div class=\"icon_box icon_position_left no_border\"><div class=\"icon_wrapper\"><div class=\"icon\"><i class=\"fas fa-clock\" aria-hidden=\"true\"><\/i><\/div><\/div><div class=\"desc_wrapper\"><h4 class=\"title\">M\u00fc\u015fterilerimizi her zaman zaman\u0131nda al\u0131yoruz.<\/h4><\/div><\/div>\n[\/vc_column][vc_column width=&#8221;1\/3&#8243;]<div class=\"icon_box icon_position_left no_border\"><div class=\"icon_wrapper\"><div class=\"icon\"><i class=\"fas fa-car-alt\" aria-hidden=\"true\"><\/i><\/div><\/div><div class=\"desc_wrapper\"><h4 class=\"title\">D\u00fczenli m\u00fc\u015fterilerimiz i\u00e7in 'Aile Taksi' uygulamas\u0131<\/h4><\/div><\/div>\n[\/vc_column][vc_column width=&#8221;1\/3&#8243;]<div class=\"icon_box icon_position_left no_border\"><div class=\"icon_wrapper\"><div class=\"icon\"><i class=\"fas fa-user-shield\" aria-hidden=\"true\"><\/i><\/div><\/div><div class=\"desc_wrapper\"><h4 class=\"title\">K\u0131rklareli Taksi'de tam e\u011fitimli ve deneyimli \u015fof\u00f6rler \u00e7al\u0131\u015f\u0131r<\/h4><\/div><\/div>\n[\/vc_column][\/vc_row][\/vc_section][vc_section full_width=&#8221;stretch_row_content&#8221; css=&#8221;.vc_custom_1723725618515{background-color: #ffd730 !important;}&#8221;][vc_row][vc_column][vc_custom_heading text=&#8221;(0545) 928 21 28&#8243; font_container=&#8221;tag:h2|text_align:center&#8221; use_theme_fonts=&#8221;yes&#8221; link=&#8221;url:tel%3A05459282128|title:K%C4%B1rklareli%20Taksi%20%C3%87a%C4%9F%C4%B1r%20-%20(0545)%20928%2021%2028&#8243;][\/vc_column][\/vc_row][\/vc_section][vc_section][vc_row][vc_column width=&#8221;1\/2&#8243;]<div class=\"fancy_heading fancy_heading_icon\"><div class=\"fh-top\"><span class=\"icon_top\"><i class=\"fas fa-car-alt\" aria-hidden=\"true\"><\/i><\/span><\/div><h2 class=\"title\">K\u0131rklareli Taksi<\/h2><div class=\"inside\">7\/24 Taksi Hizmeti<\/div><\/div>\n[vc_column_text]<i class=\"fas fa-check\" style=\"color:orange\" aria-hidden=\"true\"><\/i> G\u00fcvenli ula\u015f\u0131m<\/p>\n<p><i class=\"fas fa-check\" style=\"color:orange\" aria-hidden=\"true\"><\/i> Zaman\u0131nda ve istedi\u011finiz yerde<\/p>\n<p><i class=\"fas fa-check\" style=\"color:orange\" aria-hidden=\"true\"><\/i> H\u0131zl\u0131 ve kolay ula\u015f\u0131m<\/p>\n<p><i class=\"fas fa-check\" style=\"color:orange\" aria-hidden=\"true\"><\/i> Kolay rota<\/p>\n<p><i class=\"fas fa-check\" style=\"color:orange\" aria-hidden=\"true\"><\/i> Konforlu ve temiz ara\u00e7[\/vc_column_text][vc_btn title=&#8221;K\u0131rklareli Taksi \u00c7a\u011f\u0131r&#8221; color=&#8221;warning&#8221; size=&#8221;lg&#8221; align=&#8221;center&#8221; i_icon_fontawesome=&#8221;fas fa-taxi&#8221; add_icon=&#8221;true&#8221; link=&#8221;url:tel%3A05459282128|title:K%C4%B1rklareli%20Taksi%20%3A%20(0545)%20928%2021%2028&#8243;][\/vc_column][vc_column width=&#8221;1\/2&#8243; offset=&#8221;vc_hidden-sm vc_hidden-xs&#8221;][vc_single_image image=&#8221;37&#8243; img_size=&#8221;large&#8221; alignment=&#8221;center&#8221;][\/vc_column][\/vc_row][\/vc_section][vc_section][vc_row][vc_column width=&#8221;1\/2&#8243;][vc_single_image image=&#8221;47&#8243; img_size=&#8221;large&#8221; alignment=&#8221;center&#8221;][\/vc_column][vc_column width=&#8221;1\/2&#8243;][vc_single_image image=&#8221;48&#8243; img_size=&#8221;large&#8221; alignment=&#8221;center&#8221;][\/vc_column][\/vc_row][vc_row][vc_column width=&#8221;1\/2&#8243;][vc_single_image image=&#8221;49&#8243; img_size=&#8221;medium&#8221; alignment=&#8221;center&#8221;][\/vc_column][vc_column width=&#8221;1\/2&#8243;][vc_single_image image=&#8221;46&#8243; img_size=&#8221;medium&#8221; alignment=&#8221;center&#8221;][\/vc_column][\/vc_row][\/vc_section][vc_section][vc_row][vc_column offset=&#8221;vc_hidden-sm vc_hidden-xs&#8221;][vc_custom_heading text=&#8221;K\u0131rklareli Taksi&#8221; font_container=&#8221;tag:h1|font_size:80|text_align:center&#8221; google_fonts=&#8221;font_family:Libre%20Baskerville%3Aregular%2Citalic%2C700|font_style:700%20bold%20regular%3A700%3Anormal&#8221;][\/vc_column][\/vc_row][vc_row][vc_column offset=&#8221;vc_hidden-lg vc_hidden-md&#8221;][vc_custom_heading text=&#8221;K\u0131rklareli Taksi&#8221; font_container=&#8221;tag:h1|text_align:center&#8221; google_fonts=&#8221;font_family:Libre%20Baskerville%3Aregular%2Citalic%2C700|font_style:700%20bold%20regular%3A700%3Anormal&#8221;][\/vc_column][\/vc_row][\/vc_section][vc_section full_width=&#8221;stretch_row_content&#8221; css=&#8221;.vc_custom_1723725618515{background-color: #ffd730 !important;}&#8221;][vc_row][vc_column][vc_custom_heading text=&#8221;(0545) 928 21 28&#8243; font_container=&#8221;tag:h2|text_align:center&#8221; use_theme_fonts=&#8221;yes&#8221; link=&#8221;url:tel%3A05459282128|title:K%C4%B1rklareli%20Taksi%20%C3%87a%C4%9F%C4%B1r%20-%20(0545)%20928%2021%2028&#8243;][\/vc_column][\/vc_row][\/vc_section]<\/p>\n<\/div>","protected":false},"excerpt":{"rendered":"<p>[vc_section][vc_row gap=&#8221;35&#8243;][vc_column][vc_single_image image=&#8221;7&#8243; alignment=&#8221;right&#8221;][\/vc_column][\/vc_row][\/vc_section][vc_section][vc_row][vc_column offset=&#8221;vc_hidden-sm vc_hidden-xs&#8221;][vc_custom_heading text=&#8221;K\u0131rklareli Taksi&#8221; font_container=&#8221;tag:h1|font_size:80|text_align:center|color:%23ffffff&#8221; google_fonts=&#8221;font_family:Libre%20Baskerville%3Aregular%2Citalic%2C700|font_style:700%20bold%20regular%3A700%3Anormal&#8221;][\/vc_column][\/vc_row][vc_row][vc_column offset=&#8221;vc_hidden-lg vc_hidden-md&#8221;][vc_custom_heading text=&#8221;K\u0131rklareli Taksi&#8221; font_container=&#8221;tag:h1|text_align:center|color:%23ffffff&#8221; google_fonts=&#8221;font_family:Libre%20Baskerville%3Aregular%2Citalic%2C700|font_style:700%20bold%20regular%3A700%3Anormal&#8221;][\/vc_column][\/vc_row][\/vc_section][vc_section][vc_row][vc_column offset=&#8221;vc_hidden-sm vc_hidden-xs&#8221;][vc_empty_space height=&#8221;5&#8243;][vc_custom_heading text=&#8221;7\/24 Taksi Hizmeti&#8221; font_container=&#8221;tag:h1|font_size:62|text_align:center|color:%23ffffff&#8221; use_theme_fonts=&#8221;yes&#8221;][\/vc_column][\/vc_row][vc_row][vc_column offset=&#8221;vc_hidden-lg vc_hidden-md&#8221;][vc_empty_space<span class=\"excerpt-hellip\"> [\u2026]<\/span><\/p>\n","protected":false},"author":1,"featured_media":0,"parent":0,"menu_order":0,"comment_status":"closed","ping_status":"open","template":"","meta":{"footnotes":""},"class_list":["post-2","page","type-page","status-publish","hentry"],"_links":{"self":[{"href":"https:\/\/kirklarelitaksi.com\/index.php\/wp-json\/wp\/v2\/pages\/2","targetHints":{"allow":["GET"]}}],"collection":[{"href":"https:\/\/kirklarelitaksi.com\/index.php\/wp-json\/wp\/v2\/pages"}],"about":[{"href":"https:\/\/kirklarelitaksi.com\/index.php\/wp-json\/wp\/v2\/types\/page"}],"author":[{"embeddable":true,"href":"https:\/\/kirklarelitaksi.com\/index.php\/wp-json\/wp\/v2\/users\/1"}],"replies":[{"embeddable":true,"href":"https:\/\/kirklarelitaksi.com\/index.php\/wp-json\/wp\/v2\/comments?post=2"}],"version-history":[{"count":39,"href":"https:\/\/kirklarelitaksi.com\/index.php\/wp-json\/wp\/v2\/pages\/2\/revisions"}],"predecessor-version":[{"id":64,"href":"https:\/\/kirklarelitaksi.com\/index.php\/wp-json\/wp\/v2\/pages\/2\/revisions\/64"}],"wp:attachment":[{"href":"https:\/\/kirklarelitaksi.com\/index.php\/wp-json\/wp\/v2\/media?parent=2"}],"curies":[{"name":"wp","href":"https:\/\/api.w.org\/{rel}","templated":true}]}}